{"id":472,"date":"2015-05-12T05:42:34","date_gmt":"2015-05-12T05:42:34","guid":{"rendered":"http:\/\/smartofficeit.com\/websites\/mastbio1\/int\/?page_id=472"},"modified":"2023-02-03T01:19:20","modified_gmt":"2023-02-03T01:19:20","slug":"regions-and-countries","status":"publish","type":"page","link":"https:\/\/www.mastbio.com\/int\/regions-and-countries\/","title":{"rendered":"Regions and Countries"},"content":{"rendered":"<section class=\"wpb-content-wrapper\">[vc_row no_margin=&#8221;true&#8221; padding_top=&#8221;0px&#8221; padding_bottom=&#8221;0px&#8221; border=&#8221;none&#8221;][vc_column fade_animation_offset=&#8221;45px&#8221; width=&#8221;1\/1&#8243;]<h3>Regions &amp; Countries<img decoding=\"async\" loading=\"lazy\" class=\"alignright size-full wp-image-430\" src=\"http:\/\/www.mastbio.com\/int\/wp-content\/uploads\/2015\/05\/img_bioresrb_thin_film5a.gif\" alt=\"img_bioresrb_thin_film5a\" width=\"209\" height=\"233\" \/><\/h3>\n<p>&nbsp;<\/p>\n<p>MAST Biosurgery&#8217;s success is dependent on the quality of\u00a0products and services we provide to the customer \u2014 the\u00a0hospitals that buy our products, the surgeons who use\u00a0them and ultimately the patients who benefit from them.<\/p>\n<p>MAST Bioresorbable Adhesion Barrier Films\u00a0have clinical applications across\u00a0multiple surgical specialties.<\/p>\n<p><em>Click on a Region or Country for contact information.<\/em><\/p>\n[\/vc_column][\/vc_row][vc_row no_margin=&#8221;true&#8221; padding_top=&#8221;0px&#8221; padding_bottom=&#8221;0px&#8221; border=&#8221;none&#8221;][vc_column fade_animation_offset=&#8221;45px&#8221; width=&#8221;1\/2&#8243;]<div id=\"Europe\" class=\"x-accordion\" ><\/div><h4>Asia &amp; Oceania<\/h4>\n<div id=\"Asia\" class=\"x-accordion\" ><div  class=\"x-accordion-group\" ><div class=\"x-accordion-heading\"><a id=\"tab-69e778bda9e8c\" class=\"x-accordion-toggle collapsed\" role=\"tab\" data-x-toggle=\"collapse-b\" data-x-toggleable=\"69e778bda9e8c\" data-x-toggle-group=\"Asia\" aria-selected=\"false\" aria-expanded=\"false\" aria-controls=\"panel-69e778bda9e8c\">Australia<\/a><\/div><div id=\"panel-69e778bda9e8c\" class=\"x-accordion-body x-collapsed\" role=\"tabpanel\" data-x-toggle-collapse=\"1\" data-x-toggleable=\"69e778bda9e8c\" aria-hidden=\"true\" aria-labelledby=\"tab-69e778bda9e8c\"><div class=\"x-accordion-inner\"><strong>Endotherapeutics<\/strong><br \/>\n242 Beecroft Road<br \/>\nSuite 2, Ground Floor, Block B<br \/>\nEpping NSW 2121, Australia<br \/>\nPhone: (61) 2 9869-2868<br \/>\nFax: (61) 2 9869-7723<\/p>\n<p>Contact: Adam Srejber<br \/>\n<a href=\"mailto:adam@endotherapeutics.com.au\">adam@endotherapeutics.com.au<\/a><br \/>\n<a href=\"http:\/\/www.endotherapeutics.com.au\/\" target=\"_blank\" rel=\"noopener noreferrer\">www.endotherapeutics.com.au<\/a><\/div><\/div><\/div><div  class=\"x-accordion-group\" ><div class=\"x-accordion-heading\"><a id=\"tab-69e778bda9ea2\" class=\"x-accordion-toggle collapsed\" role=\"tab\" data-x-toggle=\"collapse-b\" data-x-toggleable=\"69e778bda9ea2\" data-x-toggle-group=\"Asia\" aria-selected=\"false\" aria-expanded=\"false\" aria-controls=\"panel-69e778bda9ea2\">China, Hong Kong, Taiwan<\/a><\/div><div id=\"panel-69e778bda9ea2\" class=\"x-accordion-body x-collapsed\" role=\"tabpanel\" data-x-toggle-collapse=\"1\" data-x-toggleable=\"69e778bda9ea2\" aria-hidden=\"true\" aria-labelledby=\"tab-69e778bda9ea2\"><div class=\"x-accordion-inner\"><strong>Beijing Landmovers Medical Devices Co., Ltd.\u00a0\u00a0\u00a0 <\/strong><\/p>\n<p>606, 607, Tower 3, Soubao commercial center<\/p>\n<p>16# South 3rd Ring West Road<\/p>\n<p>Fengtai District \u00a0Beijing, China<\/p>\n<p>Contact: Zeeman Zhang<br \/>\nPhone:\u00a0+86 10 6750 6618<br \/>\n<a href=\"mailto:Zeeman.zhang@ldmhgp.com\">Zeeman.zhang@ldmhgp.com<\/a><\/div><\/div><\/div><div  class=\"x-accordion-group\" ><div class=\"x-accordion-heading\"><a id=\"tab-69e778bda9eaf\" class=\"x-accordion-toggle collapsed\" role=\"tab\" data-x-toggle=\"collapse-b\" data-x-toggleable=\"69e778bda9eaf\" data-x-toggle-group=\"Asia\" aria-selected=\"false\" aria-expanded=\"false\" aria-controls=\"panel-69e778bda9eaf\">South Korea<\/a><\/div><div id=\"panel-69e778bda9eaf\" class=\"x-accordion-body x-collapsed\" role=\"tabpanel\" data-x-toggle-collapse=\"1\" data-x-toggleable=\"69e778bda9eaf\" aria-hidden=\"true\" aria-labelledby=\"tab-69e778bda9eaf\"><div class=\"x-accordion-inner\"><strong>CareRex\u00a0Co. Ltd.<\/strong><br \/>\nSuite 601 Samsung Plaza<br \/>\n460-1 Semsen-2 Don<br \/>\nBuyeong-gu, 21344<br \/>\nIncheon, S. Korea<\/p>\n<p>Contact: Mr. Wonsaub Hwang<br \/>\nPhone: +82 32 330 0235<br \/>\nFax: +82 32 330 0640<br \/>\nMob: +82 10 6391 2198<br \/>\n<a href=\"mailto:wshwang@carex.co.kr\">wshwang@carex.co.kr<\/a><\/div><\/div><\/div><div  class=\"x-accordion-group\" ><div class=\"x-accordion-heading\"><a id=\"tab-69e778bda9eba\" class=\"x-accordion-toggle collapsed\" role=\"tab\" data-x-toggle=\"collapse-b\" data-x-toggleable=\"69e778bda9eba\" aria-selected=\"false\" aria-expanded=\"false\" aria-controls=\"panel-69e778bda9eba\">Vietname, Cambodia, Laos<\/a><\/div><div id=\"panel-69e778bda9eba\" class=\"x-accordion-body x-collapsed\" role=\"tabpanel\" data-x-toggle-collapse=\"1\" data-x-toggleable=\"69e778bda9eba\" aria-hidden=\"true\" aria-labelledby=\"tab-69e778bda9eba\"><div class=\"x-accordion-inner\"><strong>VietMedic Joint Stock Company<\/strong><\/p>\n<p>Contact:\u00a0Tho Pham Van<\/p>\n<p>Phone: +84 4 3994 3297<br \/>\nMobile: +84 904 187 228<br \/>\n<a title=\"mailto:asliozkay@setramedikal.com.tr\" href=\"mailto:phamvantho@vietmedic.com\" target=\"_blank\" rel=\"noopener\"><span lang=\"EN-US\">phamvantho@vietmedic.com<\/span><\/a><\/div><\/div><\/div><div  class=\"x-accordion-group\" ><div class=\"x-accordion-heading\"><a id=\"tab-69e778bda9ec4\" class=\"x-accordion-toggle collapsed\" role=\"tab\" data-x-toggle=\"collapse-b\" data-x-toggleable=\"69e778bda9ec4\" data-x-toggle-group=\"Asia\" aria-selected=\"false\" aria-expanded=\"false\" aria-controls=\"panel-69e778bda9ec4\">Asia Other<\/a><\/div><div id=\"panel-69e778bda9ec4\" class=\"x-accordion-body x-collapsed\" role=\"tabpanel\" data-x-toggle-collapse=\"1\" data-x-toggleable=\"69e778bda9ec4\" aria-hidden=\"true\" aria-labelledby=\"tab-69e778bda9ec4\"><div class=\"x-accordion-inner\"><strong>MAST Biosurgery AG<\/strong><br \/>\nClaridenstrasse 25<br \/>\nCH-8002 Zurich, Switzerland<\/p>\n<p>Contact:\u00a0Erich von Waldburg<br \/>\n<a href=\"mailto:zurich@mastbio.com\">zurich@mastbio.com<\/a><\/div><\/div><\/div><\/div><h4>Middle East Asia<\/h4>\n<div id=\"MiddleEast\" class=\"x-accordion\" ><div  class=\"x-accordion-group\" ><div class=\"x-accordion-heading\"><a id=\"tab-69e778bda9f30\" class=\"x-accordion-toggle collapsed\" role=\"tab\" data-x-toggle=\"collapse-b\" data-x-toggleable=\"69e778bda9f30\" data-x-toggle-group=\"Middle East Asia\" aria-selected=\"false\" aria-expanded=\"false\" aria-controls=\"panel-69e778bda9f30\">Turkey<\/a><\/div><div id=\"panel-69e778bda9f30\" class=\"x-accordion-body x-collapsed\" role=\"tabpanel\" data-x-toggle-collapse=\"1\" data-x-toggleable=\"69e778bda9f30\" aria-hidden=\"true\" aria-labelledby=\"tab-69e778bda9f30\"><div class=\"x-accordion-inner\"><strong>Setra Medikal\u00a0Ltd.<\/strong><br \/>\nMevlana Bulv.<br \/>\nNo:168<br \/>\nBalgat\/ANKARA, Turkey<\/p>\n<p>Contact: <span lang=\"EN-US\">Asl\u0131 U\u00c7AR \u00d6ZKAY<\/span><br \/>\nPhone: +9 0850 885 16 33<br \/>\nFax: +9 0850 885 16 35<br \/>\n<a title=\"mailto:asliozkay@setramedikal.com.tr\" href=\"mailto:asliozkay@setramedikal.com.tr\" target=\"_blank\" rel=\"noopener\"><span lang=\"EN-US\">asliozkay@setramedikal.com.tr<\/span><\/a><\/div><\/div><\/div><div  class=\"x-accordion-group\" ><div class=\"x-accordion-heading\"><a id=\"tab-69e778bda9f3d\" class=\"x-accordion-toggle collapsed\" role=\"tab\" data-x-toggle=\"collapse-b\" data-x-toggleable=\"69e778bda9f3d\" data-x-toggle-group=\"Middle East Asia\" aria-selected=\"false\" aria-expanded=\"false\" aria-controls=\"panel-69e778bda9f3d\">Middle East<\/a><\/div><div id=\"panel-69e778bda9f3d\" class=\"x-accordion-body x-collapsed\" role=\"tabpanel\" data-x-toggle-collapse=\"1\" data-x-toggleable=\"69e778bda9f3d\" aria-hidden=\"true\" aria-labelledby=\"tab-69e778bda9f3d\"><div class=\"x-accordion-inner\"><strong>MAST Biosurgery AG<\/strong><br \/>\nClaridenstrasse 25<br \/>\nCH-8002 Zurich, Switzerland<\/p>\n<p>Contact: Dr. Andreas Schulz<br \/>\n<a href=\"aschulz@mastbio.com\">aschulz@mastbio.com<\/a><\/div><\/div><\/div><\/div>[\/vc_column][vc_column fade_animation_offset=&#8221;45px&#8221; width=&#8221;1\/2&#8243;]<h4>Europe<\/h4>\n<div id=\"MiddleEast\" class=\"x-accordion\" ><div  class=\"x-accordion-group\" ><div class=\"x-accordion-heading\"><a id=\"tab-69e778bda9fad\" class=\"x-accordion-toggle collapsed\" role=\"tab\" data-x-toggle=\"collapse-b\" data-x-toggleable=\"69e778bda9fad\" data-x-toggle-group=\"Europe\" aria-selected=\"false\" aria-expanded=\"false\" aria-controls=\"panel-69e778bda9fad\">Greece<\/a><\/div><div id=\"panel-69e778bda9fad\" class=\"x-accordion-body x-collapsed\" role=\"tabpanel\" data-x-toggle-collapse=\"1\" data-x-toggleable=\"69e778bda9fad\" aria-hidden=\"true\" aria-labelledby=\"tab-69e778bda9fad\"><div class=\"x-accordion-inner\"><strong>VF plus<\/strong><br \/>\nPan.Pogka &amp; Lykourgou<br \/>\nAg. Athanasios<br \/>\n19001 Keratea<br \/>\nGreece<\/p>\n<p>Contact: Xristos Sideris<br \/>\nPhone: +30\u00a022990 68034<br \/>\nFax : +30\u00a022990 68144<br \/>\n<a href=\"mailto:info@vfplus.gr\">info@vfplus.gr<\/a><\/div><\/div><\/div><div  class=\"x-accordion-group\" ><div class=\"x-accordion-heading\"><a id=\"tab-69e778bda9fba\" class=\"x-accordion-toggle collapsed\" role=\"tab\" data-x-toggle=\"collapse-b\" data-x-toggleable=\"69e778bda9fba\" aria-selected=\"false\" aria-expanded=\"false\" aria-controls=\"panel-69e778bda9fba\">Poland<\/a><\/div><div id=\"panel-69e778bda9fba\" class=\"x-accordion-body x-collapsed\" role=\"tabpanel\" data-x-toggle-collapse=\"1\" data-x-toggleable=\"69e778bda9fba\" aria-hidden=\"true\" aria-labelledby=\"tab-69e778bda9fba\"><div class=\"x-accordion-inner\"><em><strong>Cordis Pharma Sp. z o.o<\/strong><\/em><\/p>\n<p>Pukowca 15<\/p>\n<p>40-847 Katoice<\/p>\n<p>Poland<\/p>\n<p>Contact: Natalia Malcher<\/p>\n<p><a href=\"mailto:natalia.malcher@cordispharma.com\">natalia.malcher@cordispharma.com<\/a><\/p>\n<p>+48 500 481 223<\/div><\/div><\/div><div  class=\"x-accordion-group\" ><div class=\"x-accordion-heading\"><a id=\"tab-69e778bda9fc4\" class=\"x-accordion-toggle collapsed\" role=\"tab\" data-x-toggle=\"collapse-b\" data-x-toggleable=\"69e778bda9fc4\" data-x-toggle-group=\"Europe\" aria-selected=\"false\" aria-expanded=\"false\" aria-controls=\"panel-69e778bda9fc4\">Sweden<\/a><\/div><div id=\"panel-69e778bda9fc4\" class=\"x-accordion-body x-collapsed\" role=\"tabpanel\" data-x-toggle-collapse=\"1\" data-x-toggleable=\"69e778bda9fc4\" aria-hidden=\"true\" aria-labelledby=\"tab-69e778bda9fc4\"><div class=\"x-accordion-inner\"><strong>Dixa Medical AB<\/strong><br \/>\nOlof Wiks Vaeg 9C<\/p>\n<p>444 65 Joerlanda<\/p>\n<p>Sweden<\/p>\n<p>Contact: Thore Laggeby<\/p>\n<p><a href=\"mailto:thora.laggeby@dixamedical.se\">thora.laggeby@dixamedical.se<\/a><br \/>\nPhone: +46 303 777646<br \/>\nFax: +46 303 798446<\/div><\/div><\/div><div  class=\"x-accordion-group\" ><div class=\"x-accordion-heading\"><a id=\"tab-69e778bda9fce\" class=\"x-accordion-toggle collapsed\" role=\"tab\" data-x-toggle=\"collapse-b\" data-x-toggleable=\"69e778bda9fce\" data-x-toggle-group=\"Europe\" aria-selected=\"false\" aria-expanded=\"false\" aria-controls=\"panel-69e778bda9fce\">Europe other<\/a><\/div><div id=\"panel-69e778bda9fce\" class=\"x-accordion-body x-collapsed\" role=\"tabpanel\" data-x-toggle-collapse=\"1\" data-x-toggleable=\"69e778bda9fce\" aria-hidden=\"true\" aria-labelledby=\"tab-69e778bda9fce\"><div class=\"x-accordion-inner\"><strong>MAST Biosurgery AG<\/strong><br \/>\nClaridenstrasse 25<br \/>\nCH-8002 Zurich, Switzerland<\/p>\n<p>Contact:\u00a0Dr. Andreas Schulz<br \/>\n<a href=\"mailto:aschulz@mastbio.com\">aschulz@mastbio.com<\/a><\/div><\/div><\/div><\/div><h4>South America<\/h4>\n<div id=\"SAmerica\" class=\"x-accordion\" ><div  class=\"x-accordion-group\" ><div class=\"x-accordion-heading\"><a id=\"tab-69e778bdaa02f\" class=\"x-accordion-toggle collapsed\" role=\"tab\" data-x-toggle=\"collapse-b\" data-x-toggleable=\"69e778bdaa02f\" aria-selected=\"false\" aria-expanded=\"false\" aria-controls=\"panel-69e778bdaa02f\">South America<\/a><\/div><div id=\"panel-69e778bdaa02f\" class=\"x-accordion-body x-collapsed\" role=\"tabpanel\" data-x-toggle-collapse=\"1\" data-x-toggleable=\"69e778bdaa02f\" aria-hidden=\"true\" aria-labelledby=\"tab-69e778bdaa02f\"><div class=\"x-accordion-inner\"><strong>HC Trade USA<\/strong><br \/>\n201 S Biscayne Blvd<br \/>\n28th Floor<br \/>\nMiami, FL 33131 USA<\/p>\n<p>Contact: Mr. Husnu Ceylan<br \/>\nPhone: +1 (305) 913-7561<br \/>\nFax: +1 (305) 424-9317<br \/>\n<a title=\"mailto:info@hctradeusa.com\" href=\"mailto:info@hctradeusa.com\">info@hctradeusa.com<\/a><\/div><\/div><\/div><\/div>[\/vc_column][\/vc_row]\n<\/section>","protected":false},"excerpt":{"rendered":"<p>[vc_row no_margin=&#8221;true&#8221; padding_top=&#8221;0px&#8221; padding_bottom=&#8221;0px&#8221; border=&#8221;none&#8221;][vc_column fade_animation_offset=&#8221;45px&#8221; width=&#8221;1\/1&#8243;][\/vc_column][\/vc_row][vc_row no_margin=&#8221;true&#8221; padding_top=&#8221;0px&#8221; padding_bottom=&#8221;0px&#8221; border=&#8221;none&#8221;][vc_column fade_animation_offset=&#8221;45px&#8221; width=&#8221;1\/2&#8243;][\/vc_column][vc_column fade_animation_offset=&#8221;45px&#8221; width=&#8221;1\/2&#8243;][\/vc_column][\/vc_row]<\/p>\n","protected":false},"author":1,"featured_media":0,"parent":0,"menu_order":0,"comment_status":"closed","ping_status":"closed","template":"template-blank-1.php","meta":[],"_links":{"self":[{"href":"https:\/\/www.mastbio.com\/int\/wp-json\/wp\/v2\/pages\/472"}],"collection":[{"href":"https:\/\/www.mastbio.com\/int\/wp-json\/wp\/v2\/pages"}],"about":[{"href":"https:\/\/www.mastbio.com\/int\/wp-json\/wp\/v2\/types\/page"}],"author":[{"embeddable":true,"href":"https:\/\/www.mastbio.com\/int\/wp-json\/wp\/v2\/users\/1"}],"replies":[{"embeddable":true,"href":"https:\/\/www.mastbio.com\/int\/wp-json\/wp\/v2\/comments?post=472"}],"version-history":[{"count":31,"href":"https:\/\/www.mastbio.com\/int\/wp-json\/wp\/v2\/pages\/472\/revisions"}],"predecessor-version":[{"id":634,"href":"https:\/\/www.mastbio.com\/int\/wp-json\/wp\/v2\/pages\/472\/revisions\/634"}],"wp:attachment":[{"href":"https:\/\/www.mastbio.com\/int\/wp-json\/wp\/v2\/media?parent=472"}],"curies":[{"name":"wp","href":"https:\/\/api.w.org\/{rel}","templated":true}]}}